{"id":30,"date":"2016-02-17T20:01:07","date_gmt":"2016-02-17T20:01:07","guid":{"rendered":"http:\/\/www.educal.ch\/?page_id=30"},"modified":"2025-01-15T09:06:59","modified_gmt":"2025-01-15T09:06:59","slug":"steuerphobie","status":"publish","type":"page","link":"https:\/\/www.educal.ch\/?page_id=30","title":{"rendered":"Ihre Steuererkl\u00e4rung"},"content":{"rendered":"<h4><span style=\"color: #808080;\">Steuerlich optimieren und Geld sparen?<\/span><\/h4>\n<p>Jeder kennt sie, niemand mag sie \u2013 die Steuererkl\u00e4rung. Sie wird Jahr f\u00fcr Jahr aufgeschoben und bei Fristablauf schwerf\u00e4llig\u00a0und m\u00fchsam erledigt.<\/p>\n<p>Aber wir\u00a0stehen Ihnen\u00a0auch Hier\u00a0bei!<\/p>\n<p>Mit unserer Hilfe k\u00f6nnen auch Sie es schaffen Ihre Steuererkl\u00e4rung fristgerecht, sorglos und stressfrei einzureichen um\u00a0langfristig Geld zu sparen!<\/p>\n<p>Steuererkl\u00e4rung 195.00 CHF<\/p>\n<p>Steuererkl\u00e4rung inkl. Liegenschaft 255.00 CHF<\/p>\n<p>Z\u00f6gern Sie nicht und optimieren Sie noch dieses Jahr um entspannt und sorglos in den Fr\u00fchling\u00a0zu\u00a0starten!<\/p>\n<p><a href=\"mailto:info@educal.ch\">info@educal.ch<\/a><\/p>\n<p>071 971 35 40<\/p>\n<p><span style=\"color: #ffffff;\">Treuhand Steuererkl\u00e4rung Steuern Steuerberatung Steuerberater Steuerberat Steuerbare Steueramt Steueroptimierung Steuern Steuer Gewinnsteuern Kapitalsteuern Verrechnungssteuer Verm\u00f6genssteuern Veranlagung Steuerrevision Steuerveranlagung Einkommenssteuern Turbenthal T\u00f6sstal Maischhausen Elgg Schottikon Elsau R\u00e4terschen Winterthur Gr\u00fcze Hegi Wiesendangen Kappel Z\u00fcnikon Bertschikon Hagenbuch Hofstetten Schlatt Hutzikon Wila Ifwil Bichelsee Balterswil Wiezikon Hurnen 8360 Eschlikon EschlikonTG Eschlikon TG \u00a0Sirnach Thurgau Aadorf Dussnang Fischingen Wallenwil Ettenhausen Guntershausen T\u00e4nikon Oberhofen Matzingen W\u00e4ngi M\u00fcnchwilen Tuttwil Wittenwil Wil Bronschhofen St. Margarethen Krillberg Wiezikon Horben Busswil Wilen Gloten Seelmatten Stettfurt Lommis Affeltrangen Wetzikon Bauma Saland Schalchen TG ZH Neutal B\u00e4retswil Adetswil Hinwil Wernetshausen Ringwil Hittnau D\u00fcrstelen Kanton Thurgau Kanton Z\u00fcrich Z\u00fcrcher Oberland Tannzapfenland Hinterthurgau Weinfelden Ottenberg Bronschhofen Bettwiesen Tobel T\u00e4gerschern Tobel-T\u00e4gerschen Affeltrangen Wetzikon Bussnang B\u00fcrgeln Amlikon Bissegg Amlikon-Bissegg Griesenberg Eschikofen Lustdorf Thundof Stettfurt H\u00fcttlingen Felben-Wellhausen Felben Wellghausen M\u00fcllheim Wigoltingen Hugelshofen Weerswilen Dotnach Pfyn Dettighofen Engwilen Ellighausen Kemmental Raperswilen<span class=\"Apple-converted-space\">\u00a0 <\/span>H\u00f6rhausen Homburg G\u00fcdelhart W\u00e4ldi Lengwil<\/span><\/p>\n<p><span style=\"color: #ffffff;\">attraktiv attraktive absch\u00e4tzbar absch\u00e4tzbare absehbar absehbare Accounting Administrationsl\u00f6sung aktiv alles Alles-inklusive Aufwand Aufwendungen Ausgaben Auslagen Auslagerung auslagern ausserhalb ausw\u00e4rtig ausw\u00e4rtige Belastung Belege bequem bequeme berechenbar berechenbare berechnend beruhigt beruhigte betriebliche betriebswirtschaftliche betriebswirtschaftliches Bilanz Bilanzen bilanzieren Bilanzierung bleiben Buchf\u00fchrung Buchf\u00fchrungsl\u00f6sung Buchhalter Buchhalterwechsel Buchhaltung Buchhaltungen Buchhaltungs Buchhaltungsservice Buchhaltungsl\u00f6sung B\u00fcroorganisation Controlling definitiv diskret diskrete doppelt doppelte einfach einfache einfachste einf\u00e4ltig erfolgreich erfolgreiche erkennbar erledigt erledigte Erleichterung exakt exakte extern externe externem externen externer externes fest feste festen festgelegten Festpreis Finanzbuchhaltung Finanzen Firma Firmen fix fixe fixierte fixierten Fixpreis Fixpreise Fixpreisen Fixpreises Frau Frauen froh frohe frohen fr\u00f6hlich fr\u00f6hliche full fullservice full-service funktionsf\u00e4hig funktionsf\u00e4higes funktionsf\u00e4hige garantierter Generalbuchhaltung Gesch\u00e4ftst\u00e4tigkeit Gewinne gl\u00fccklich gl\u00fcckliche g\u00fcnstig g\u00fcnstigen g\u00fcnstige g\u00fcnstigste g\u00fcnstigeren Handwerk Hauptbuchhaltung heiter heitere in inklusiv inklusive interessant interessante ist kalkulierbar kalkulierbare kaufm\u00e4nnisch kaufm\u00e4nnische kaufm\u00e4nnischem kaufm\u00e4nnischer kaufm\u00e4nnisches kinderleicht kinderleichte komplettservice komplett komplette Konditionen konkurrenzlos konkurrenzlose Kosten Kostenrechnung Kostenrechnungen laufende lebhaft leicht leichte light leichtherzig leichtlebig Lohn L\u00f6hne Lohnabrechnungen Lohnabrechnung L\u00f6sung L\u00f6sungen l\u00fcckenlos l\u00fcckenlose Management m\u00fchelos m\u00fchelose optimal opitmale Optimierung optimierbar Optimierungspotenzial Optimierungspotenziale ordentliche ordnungsgem\u00e4sse Organisation outsourcebar outsourcen Personalwesen plan planbar planbar Preise Preis problemlos problemlose Profit profitieren Rechnungen Rechnungsf\u00fchrer Rechnungslegung Rechnungswesen Ressourcen Ressource Rundum saldieren sch\u00f6n sch\u00f6ne sch\u00f6ner sch\u00f6nsten schlichte schlicht Service Sekretariat sicher simpel simpelste simpelstem simpelsten simpelster simpelstes simple simplem simplen simpler simplere simplerem simpleren simplerer simpleres simples solide solider sonnig sorgenfrei sorgenlos sorglos sparen sparend Spesen spielend spielende Standardpreis strategisch strategische Stress stressfrei stressfreie stresslos stresslose Summe total totale Totalservice transparent transparente transparentere Transparenz Treuh\u00e4nderin Treuh\u00e4nder Treuhaenderwechsel Treuh\u00e4nderwechsel Treuhandl\u00f6sung \u00fcberschaubar \u00dcberschaubare umstellen Umstellung unbek\u00fcmmert unbek\u00fcmmerte unbeschwert unbeschwerte unbesorgt unbesorgte unkompliziert unkomplizierte Unkosten unproblematisch unproblematische unschwer unschwere Unternehmen Unternehmensf\u00fchrung vereinbaren vereinbart vereinbarte vereinbarten Verwaltung vorausberechenbar vorausberechenbare voraussagbar voraussagbare voraussehbar voraussehbare vorauszusehen vorhersagbar vorhersehbar vorhersehbare vorherzusehen Zahlung Zahlungen Zahlungsverkehr Zeit zuverl\u00e4ssig zuverl\u00e4ssige zuverl\u00e4ssiger zuverl\u00e4ssige<\/span><\/p>\n","protected":false},"excerpt":{"rendered":"<p>Steuerlich optimieren und Geld sparen? Jeder kennt sie, niemand mag sie \u2013 die Steuererkl\u00e4rung. Sie wird Jahr f\u00fcr Jahr aufgeschoben und bei [&hellip;]<\/p>\n","protected":false},"author":2,"featured_media":0,"parent":0,"menu_order":0,"comment_status":"closed","ping_status":"closed","template":"","meta":{"footnotes":""},"class_list":["post-30","page","type-page","status-publish","hentry"],"_links":{"self":[{"href":"https:\/\/www.educal.ch\/index.php?rest_route=\/wp\/v2\/pages\/30","targetHints":{"allow":["GET"]}}],"collection":[{"href":"https:\/\/www.educal.ch\/index.php?rest_route=\/wp\/v2\/pages"}],"about":[{"href":"https:\/\/www.educal.ch\/index.php?rest_route=\/wp\/v2\/types\/page"}],"author":[{"embeddable":true,"href":"https:\/\/www.educal.ch\/index.php?rest_route=\/wp\/v2\/users\/2"}],"replies":[{"embeddable":true,"href":"https:\/\/www.educal.ch\/index.php?rest_route=%2Fwp%2Fv2%2Fcomments&post=30"}],"version-history":[{"count":5,"href":"https:\/\/www.educal.ch\/index.php?rest_route=\/wp\/v2\/pages\/30\/revisions"}],"predecessor-version":[{"id":210,"href":"https:\/\/www.educal.ch\/index.php?rest_route=\/wp\/v2\/pages\/30\/revisions\/210"}],"wp:attachment":[{"href":"https:\/\/www.educal.ch\/index.php?rest_route=%2Fwp%2Fv2%2Fmedia&parent=30"}],"curies":[{"name":"wp","href":"https:\/\/api.w.org\/{rel}","templated":true}]}}